{"id":18220,"date":"2022-02-09T11:15:11","date_gmt":"2022-02-09T10:15:11","guid":{"rendered":"https:\/\/sportmix.dev-acenta.si\/politika-piskotkov\/"},"modified":"2024-04-03T10:41:45","modified_gmt":"2024-04-03T08:41:45","slug":"cookie-policy","status":"publish","type":"page","link":"https:\/\/sportmix.si\/fr\/cookie-policy\/","title":{"rendered":"Cookie policy"},"content":{"rendered":"\t\t<div data-elementor-type=\"wp-page\" data-elementor-id=\"18220\" class=\"elementor elementor-18220 elementor-5478\">\n\t\t\t\t\t\t<section class=\"elementor-section elementor-top-section elementor-element elementor-element-2080bc5e elementor-section-height-min-height elementor-section-boxed elementor-section-height-default elementor-section-items-middle\" data-id=\"2080bc5e\" data-element_type=\"section\" data-settings=\"{&quot;background_background&quot;:&quot;classic&quot;,&quot;shape_divider_bottom&quot;:&quot;wave-brush&quot;}\">\n\t\t\t\t\t\t\t<div class=\"elementor-background-overlay\"><\/div>\n\t\t\t\t\t\t<div class=\"elementor-shape elementor-shape-bottom\" data-negative=\"false\">\n\t\t\t<svg xmlns=\"http:\/\/www.w3.org\/2000\/svg\" viewBox=\"0 0 283.5 27.8\" preserveAspectRatio=\"none\">\n\t<path class=\"elementor-shape-fill\" d=\"M283.5,9.7c0,0-7.3,4.3-14,4.6c-6.8,0.3-12.6,0-20.9-1.5c-11.3-2-33.1-10.1-44.7-5.7\ts-12.1,4.6-18,7.4c-6.6,3.2-20,9.6-36.6,9.3C131.6,23.5,99.5,7.2,86.3,8c-1.4,0.1-6.6,0.8-10.5,2c-3.8,1.2-9.4,3.8-17,4.7\tc-3.2,0.4-8.3,1.1-14.2,0.9c-1.5-0.1-6.3-0.4-12-1.6c-5.7-1.2-11-3.1-15.8-3.7C6.5,9.2,0,10.8,0,10.8V0h283.5V9.7z M260.8,11.3\tc-0.7-1-2-0.4-4.3-0.4c-2.3,0-6.1-1.2-5.8-1.1c0.3,0.1,3.1,1.5,6,1.9C259.7,12.2,261.4,12.3,260.8,11.3z M242.4,8.6\tc0,0-2.4-0.2-5.6-0.9c-3.2-0.8-10.3-2.8-15.1-3.5c-8.2-1.1-15.8,0-15.1,0.1c0.8,0.1,9.6-0.6,17.6,1.1c3.3,0.7,9.3,2.2,12.4,2.7\tC239.9,8.7,242.4,8.6,242.4,8.6z M185.2,8.5c1.7-0.7-13.3,4.7-18.5,6.1c-2.1,0.6-6.2,1.6-10,2c-3.9,0.4-8.9,0.4-8.8,0.5\tc0,0.2,5.8,0.8,11.2,0c5.4-0.8,5.2-1.1,7.6-1.6C170.5,14.7,183.5,9.2,185.2,8.5z M199.1,6.9c0.2,0-0.8-0.4-4.8,1.1\tc-4,1.5-6.7,3.5-6.9,3.7c-0.2,0.1,3.5-1.8,6.6-3C197,7.5,199,6.9,199.1,6.9z M283,6c-0.1,0.1-1.9,1.1-4.8,2.5s-6.9,2.8-6.7,2.7\tc0.2,0,3.5-0.6,7.4-2.5C282.8,6.8,283.1,5.9,283,6z M31.3,11.6c0.1-0.2-1.9-0.2-4.5-1.2s-5.4-1.6-7.8-2C15,7.6,7.3,8.5,7.7,8.6\tC8,8.7,15.9,8.3,20.2,9.3c2.2,0.5,2.4,0.5,5.7,1.6S31.2,11.9,31.3,11.6z M73,9.2c0.4-0.1,3.5-1.6,8.4-2.6c4.9-1.1,8.9-0.5,8.9-0.8\tc0-0.3-1-0.9-6.2-0.3S72.6,9.3,73,9.2z M71.6,6.7C71.8,6.8,75,5.4,77.3,5c2.3-0.3,1.9-0.5,1.9-0.6c0-0.1-1.1-0.2-2.7,0.2\tC74.8,5.1,71.4,6.6,71.6,6.7z M93.6,4.4c0.1,0.2,3.5,0.8,5.6,1.8c2.1,1,1.8,0.6,1.9,0.5c0.1-0.1-0.8-0.8-2.4-1.3\tC97.1,4.8,93.5,4.2,93.6,4.4z M65.4,11.1c-0.1,0.3,0.3,0.5,1.9-0.2s2.6-1.3,2.2-1.2s-0.9,0.4-2.5,0.8C65.3,10.9,65.5,10.8,65.4,11.1\tz M34.5,12.4c-0.2,0,2.1,0.8,3.3,0.9c1.2,0.1,2,0.1,2-0.2c0-0.3-0.1-0.5-1.6-0.4C36.6,12.8,34.7,12.4,34.5,12.4z M152.2,21.1\tc-0.1,0.1-2.4-0.3-7.5-0.3c-5,0-13.6-2.4-17.2-3.5c-3.6-1.1,10,3.9,16.5,4.1C150.5,21.6,152.3,21,152.2,21.1z\"\/>\n\t<path class=\"elementor-shape-fill\" d=\"M269.6,18c-0.1-0.1-4.6,0.3-7.2,0c-7.3-0.7-17-3.2-16.6-2.9c0.4,0.3,13.7,3.1,17,3.3\tC267.7,18.8,269.7,18,269.6,18z\"\/>\n\t<path class=\"elementor-shape-fill\" d=\"M227.4,9.8c-0.2-0.1-4.5-1-9.5-1.2c-5-0.2-12.7,0.6-12.3,0.5c0.3-0.1,5.9-1.8,13.3-1.2\tS227.6,9.9,227.4,9.8z\"\/>\n\t<path class=\"elementor-shape-fill\" d=\"M204.5,13.4c-0.1-0.1,2-1,3.2-1.1c1.2-0.1,2,0,2,0.3c0,0.3-0.1,0.5-1.6,0.4\tC206.4,12.9,204.6,13.5,204.5,13.4z\"\/>\n\t<path class=\"elementor-shape-fill\" d=\"M201,10.6c0-0.1-4.4,1.2-6.3,2.2c-1.9,0.9-6.2,3.1-6.1,3.1c0.1,0.1,4.2-1.6,6.3-2.6\tS201,10.7,201,10.6z\"\/>\n\t<path class=\"elementor-shape-fill\" d=\"M154.5,26.7c-0.1-0.1-4.6,0.3-7.2,0c-7.3-0.7-17-3.2-16.6-2.9c0.4,0.3,13.7,3.1,17,3.3\tC152.6,27.5,154.6,26.8,154.5,26.7z\"\/>\n\t<path class=\"elementor-shape-fill\" d=\"M41.9,19.3c0,0,1.2-0.3,2.9-0.1c1.7,0.2,5.8,0.9,8.2,0.7c4.2-0.4,7.4-2.7,7-2.6\tc-0.4,0-4.3,2.2-8.6,1.9c-1.8-0.1-5.1-0.5-6.7-0.4S41.9,19.3,41.9,19.3z\"\/>\n\t<path class=\"elementor-shape-fill\" d=\"M75.5,12.6c0.2,0.1,2-0.8,4.3-1.1c2.3-0.2,2.1-0.3,2.1-0.5c0-0.1-1.8-0.4-3.4,0\tC76.9,11.5,75.3,12.5,75.5,12.6z\"\/>\n\t<path class=\"elementor-shape-fill\" d=\"M15.6,13.2c0-0.1,4.3,0,6.7,0.5c2.4,0.5,5,1.9,5,2c0,0.1-2.7-0.8-5.1-1.4\tC19.9,13.7,15.7,13.3,15.6,13.2z\"\/>\n<\/svg>\t\t<\/div>\n\t\t\t\t\t<div class=\"elementor-container elementor-column-gap-default\">\n\t\t\t\t\t<div class=\"elementor-column elementor-col-100 elementor-top-column elementor-element elementor-element-465569b2\" data-id=\"465569b2\" data-element_type=\"column\">\n\t\t\t<div class=\"elementor-widget-wrap elementor-element-populated\">\n\t\t\t\t\t\t<div class=\"elementor-element elementor-element-6d1ed4c5 elementor-widget elementor-widget-heading\" data-id=\"6d1ed4c5\" data-element_type=\"widget\" data-widget_type=\"heading.default\">\n\t\t\t\t<div class=\"elementor-widget-container\">\n\t\t\t<style>\/*! elementor - v3.21.0 - 15-04-2024 *\/\n.elementor-heading-title{padding:0;margin:0;line-height:1}.elementor-widget-heading .elementor-heading-title[class*=elementor-size-]>a{color:inherit;font-size:inherit;line-height:inherit}.elementor-widget-heading .elementor-heading-title.elementor-size-small{font-size:15px}.elementor-widget-heading .elementor-heading-title.elementor-size-medium{font-size:19px}.elementor-widget-heading .elementor-heading-title.elementor-size-large{font-size:29px}.elementor-widget-heading .elementor-heading-title.elementor-size-xl{font-size:39px}.elementor-widget-heading .elementor-heading-title.elementor-size-xxl{font-size:59px}<\/style><h1 class=\"elementor-heading-title elementor-size-default\">Politique en mati\u00e8re de cookies<\/h1>\t\t<\/div>\n\t\t\t\t<\/div>\n\t\t\t\t<div class=\"elementor-element elementor-element-11f1a900 elementor-widget elementor-widget-text-editor\" data-id=\"11f1a900\" data-element_type=\"widget\" data-widget_type=\"text-editor.default\">\n\t\t\t\t<div class=\"elementor-widget-container\">\n\t\t\t<style>\/*! elementor - v3.21.0 - 15-04-2024 *\/\n.elementor-widget-text-editor.elementor-drop-cap-view-stacked .elementor-drop-cap{background-color:#69727d;color:#fff}.elementor-widget-text-editor.elementor-drop-cap-view-framed .elementor-drop-cap{color:#69727d;border:3px solid;background-color:transparent}.elementor-widget-text-editor:not(.elementor-drop-cap-view-default) .elementor-drop-cap{margin-top:8px}.elementor-widget-text-editor:not(.elementor-drop-cap-view-default) .elementor-drop-cap-letter{width:1em;height:1em}.elementor-widget-text-editor .elementor-drop-cap{float:left;text-align:center;line-height:1;font-size:50px}.elementor-widget-text-editor .elementor-drop-cap-letter{display:inline-block}<\/style>\t\t\t\t<p>Nous nous soucions de la s\u00e9curit\u00e9 de votre navigation.<\/p>\t\t\t\t\t\t<\/div>\n\t\t\t\t<\/div>\n\t\t\t\t\t<\/div>\n\t\t<\/div>\n\t\t\t\t\t<\/div>\n\t\t<\/section>\n\t\t\t\t<section class=\"elementor-section elementor-top-section elementor-element elementor-element-d057477 elementor-section-boxed elementor-section-height-default elementor-section-height-default\" data-id=\"d057477\" data-element_type=\"section\">\n\t\t\t\t\t\t<div class=\"elementor-container elementor-column-gap-default\">\n\t\t\t\t\t<div class=\"elementor-column elementor-col-100 elementor-top-column elementor-element elementor-element-dd73019\" data-id=\"dd73019\" data-element_type=\"column\">\n\t\t\t<div class=\"elementor-widget-wrap elementor-element-populated\">\n\t\t\t\t\t\t<div class=\"elementor-element elementor-element-56fbd96 elementor-widget__width-initial elementor-widget elementor-widget-text-editor\" data-id=\"56fbd96\" data-element_type=\"widget\" data-widget_type=\"text-editor.default\">\n\t\t\t\t<div class=\"elementor-widget-container\">\n\t\t\t\t\t\t\t<div class=\"fl-col-group fl-node-5d09034be0a3c\" data-node=\"5d09034be0a3c\"><div class=\"fl-col fl-node-5d09034be0ba3\" data-node=\"5d09034be0ba3\"><div class=\"fl-col-content fl-node-content\"><div class=\"fl-module fl-module-rich-text fl-node-5d09034bdc84e\" data-node=\"5d09034bdc84e\"><div class=\"fl-module-content fl-node-content\"><div class=\"fl-rich-text\"><h1><strong>Politique relative aux cookies<\/strong><\/h1><p>Les cookies sont de petits fichiers texte enregistr\u00e9s par la plupart des sites sur les appareils des utilisateurs et sont destin\u00e9s \u00e0 sauvegarder les param\u00e8tres Internet. L&rsquo;objectif des cookies est de reconna\u00eetre certains appareils que les utilisateurs ont utilis\u00e9s pour acc\u00e9der \u00e0 un site Web.<\/p><p>Cela permet aux sites Web de reconna\u00eetre si l&rsquo;utilisateur les a d\u00e9j\u00e0 visit\u00e9s et de pouvoir ainsi adapter le contenu affich\u00e9 en cons\u00e9quence. Le stockage des cookies est sous le contr\u00f4le total du navigateur Web utilis\u00e9 par l&rsquo;internaute, ce qui signifie que tout utilisateur peut limiter ou d\u00e9sactiver compl\u00e8tement le stockage des cookies comme il le souhaite.<\/p><p>\u00a0<\/p><h3>Pourquoi les cookies sont-ils n\u00e9cessaires?<\/h3><p>Les cookies sont essentiels pour garantir des services en ligne agr\u00e9ables pour l&rsquo;utilisateur. Les fonctions les plus courantes du commerce \u00e9lectronique ne seraient pas possibles sans les cookies. L&rsquo;interaction entre l&rsquo;utilisateur du Web et le site Web est plus rapide et plus simple gr\u00e2ce \u00e0 l&rsquo;aide des cookies.<\/p><p>Avec l&rsquo;aide des cookies, un site Web peut m\u00e9moriser les pr\u00e9f\u00e9rences et les exp\u00e9riences d&rsquo;un individu et ainsi gagner du temps et rendre la navigation sur les sites Web plus efficace et agr\u00e9able. Les cookies sont utilis\u00e9s par la majorit\u00e9 des sites Web car ils sont un outil pratique pour maintenir un contenu \u00e0 jour et appropri\u00e9 en fonction des int\u00e9r\u00eats et des pr\u00e9f\u00e9rences d&rsquo;un utilisateur du Web individuel.<\/p><p>Les sites Web utilisent diff\u00e9rents types de cookies.<\/p><p>\u00a0<\/p><h3><strong>Cookies strictement n\u00e9cessaires (cookies non intrusifs)<\/strong><\/h3><p>Ces cookies sont toujours activ\u00e9s et essentiels pour le fonctionnement de base des sites. Sans ces cookies, les sites Web ne fonctionnent pas correctement. Conform\u00e9ment \u00e0 cela, nous ne demandons pas sp\u00e9cifiquement la permission d&rsquo;utiliser ces cookies.<\/p><p>Cela signifie que les cookies se souviennent de vous afin que vous puissiez naviguer paisiblement sur les sites Web. Ce groupe comprend les cookies utilis\u00e9s pour qu&rsquo;un site Web se souvienne de vos donn\u00e9es dans les formulaires en ligne, les paniers d&rsquo;achat, les \u00e9tapes vers la finalisation d&rsquo;un achat, etc. Ils sont obligatoires car ils garantissent \u00e9galement la s\u00e9curit\u00e9 et pr\u00e9viennent les abus du syst\u00e8me.<\/p><p>\u00a0<\/p><h3><strong>Cookies de fonctionnalit\u00e9 et cookies d&rsquo;analyse (cookies intrusifs avec consentement)<\/strong><\/h3><p>Les cookies de fonctionnalit\u00e9 sont des cookies qui am\u00e9liorent l&rsquo;exp\u00e9rience de l&rsquo;utilisateur sur les sites. L&rsquo;autorisation d&rsquo;utiliser ces cookies est obtenue par l&rsquo;utilisation, c&rsquo;est-\u00e0-dire l&rsquo;accord. Les cookies d&rsquo;analyse permettent l&rsquo;utilisation d&rsquo;un suivi anonyme pour am\u00e9liorer la fonctionnalit\u00e9 du site, garantir une exp\u00e9rience plus personnalis\u00e9e sur notre site Web et enregistrer vos d\u00e9cisions lors de l&rsquo;utilisation de notre site Web.<\/p><p>Ces cookies de suivi permettent l&rsquo;analyse des visites et du contenu consult\u00e9. Ces cookies sont anonymes et ne permettent pas de suivre sp\u00e9cifiquement les utilisateurs identifi\u00e9s. Ils ne permettent pas non plus d&rsquo;identifier plus facilement les produits qui pourraient vous int\u00e9resser. Dans certains cas, l&rsquo;avantage de ces cookies est une vitesse am\u00e9lior\u00e9e pour le traitement de vos demandes, la d\u00e9tection et le stockage de vos param\u00e8tres, et l&rsquo;aide \u00e0 la connexion avec les m\u00e9dias sociaux. Si vous ne choisissez pas ces cookies, cela peut entra\u00eener des recommandations mal formul\u00e9es.<\/p><p><span style=\"color: var( --e-global-color-text ); font-family: var( --e-global-typography-text-font-family ), Sans-serif; font-weight: var( --e-global-typography-text-font-weight ); letter-spacing: 0.4px;\">\u00a0<\/span><\/p><h3>Gestion et suppression des cookies<\/h3><p>Certains utilisateurs ne souhaitent pas utiliser de cookies, c&rsquo;est pourquoi la plupart des navigateurs Web permettent de g\u00e9rer les cookies en fonction des pr\u00e9f\u00e9rences individuelles des utilisateurs.<\/p><p>Pour avoir un contr\u00f4le pr\u00e9cis sur votre propre vie priv\u00e9e, vous pouvez d\u00e9finir les r\u00e8gles de gestion des cookies s\u00e9par\u00e9ment pour chaque site Web dans certains navigateurs. Vous pouvez ainsi bloquer les cookies provenant de sites Web inconnus et activer le fonctionnement des cookies provenant de sites de confiance.<\/p><p>Nous devons vous avertir que le site ne fonctionne de mani\u00e8re optimale que si les cookies dans votre navigateur, c&rsquo;est-\u00e0-dire sur nos sites, sont activ\u00e9s. Bien que vous d\u00e9sactiviez les cookies, cela n&rsquo;affectera pas les cookies n\u00e9cessaires, qui continueront &#8211; malgr\u00e9 votre d\u00e9cision &#8211; \u00e0 \u00eatre t\u00e9l\u00e9charg\u00e9s conform\u00e9ment \u00e0 la loi sur les communications \u00e9lectroniques de la R\u00e9publique de Slov\u00e9nie (ZEKom-1).<\/p><p>\u00a0<\/p><h2>Quels cookies sont utilis\u00e9s par le site sportmix.si?<\/h2><p>Sportmix assure un fonctionnement et un affichage des sites meilleurs, plus conviviaux et personnalis\u00e9s gr\u00e2ce aux cookies. Ils aident \u00e9galement \u00e0 l&rsquo;analyse des utilisateurs, au contr\u00f4le du flux de trafic (\u00e0 des fins statistiques) et \u00e0 une publicit\u00e9 plus efficace. Aucun cookie utilis\u00e9 sur notre site Web ne collecte de donn\u00e9es qui nous permettraient de vous identifier personnellement. Les donn\u00e9es sont utilis\u00e9es uniquement \u00e0 des fins d&rsquo;analyse par l&rsquo;entreprise Sportmix.<\/p><p>En continuant \u00e0 utiliser ce site Web, vous acceptez notre politique relative aux cookies. Vous pouvez modifier vos param\u00e8tres de cookies \u00e0 tout moment.<\/p><p>Nos sites Web et applications utilisent les cookies suivants:<\/p><p>Cookies non intrusifs, n\u00e9cessaires au fonctionnement du site:<\/p><p>&#8211; wp-settings,<br \/>&#8211; wp-settings-time,<br \/>&#8211; wordpress_logged_and,<br \/>&#8211; wordpress_sec_.<\/p><p>Cookies intrusifs utilis\u00e9s apr\u00e8s accord:<\/p><p>&#8211; Google Analytics.<\/p><p>Nous nous engageons \u00e0 ne pas transmettre nos propres cookies \u00e0 des tiers. Les cookies peuvent \u00eatre supprim\u00e9s ou d\u00e9sactiv\u00e9s dans les param\u00e8tres de votre navigateur. Les instructions sont ci-dessous. Si vous d\u00e9sactivez les cookies, certains sites peuvent ne pas fonctionner correctement.<\/p><\/div><\/div><\/div><div class=\"fl-module fl-module-pp-table fl-node-5d09041a63188\" data-node=\"5d09041a63188\"><div class=\"fl-module-content fl-node-content\"><div class=\"pp-table-wrap\"><div class=\"tablesaw-bar mode-stack\">\u00a0<\/div><table id=\"table-8368\" class=\"pp-table-5d09041a63188 pp-table-content tablesaw tablesaw-stack\" data-tablesaw-minimap=\"\" data-tablesaw-mode=\"stack\"><thead><tr><th id=\"pp-table-col-1\" class=\"pp-table-col\" scope=\"col\" data-tablesaw-sortable-col=\"\">Source<\/th><th id=\"pp-table-col-2\" class=\"pp-table-col\" scope=\"col\" data-tablesaw-sortable-col=\"\">COOKIE<\/th><th id=\"pp-table-col-3\" class=\"pp-table-col\" scope=\"col\" data-tablesaw-sortable-col=\"\">description des cookies<\/th><th id=\"pp-table-col-4\" class=\"pp-table-col\" scope=\"col\" data-tablesaw-sortable-col=\"\">Expire<\/th><\/tr><\/thead><tbody><tr class=\"pp-table-row odd\"><td>WordPress<\/td><td><span class=\"tablesaw-cell-content\">wp-settings-1<\/span><\/td><td>WordPress d\u00e9finit certains cookies wp-settings-[UID]. Le nombre \u00e0 la fin est le num\u00e9ro d&rsquo;identification de l&rsquo;utilisateur, qui est r\u00e9pertori\u00e9 dans la table de la base de donn\u00e9es des utilisateurs. Le cookie est utilis\u00e9 pour ajuster l&rsquo;affichage de l&rsquo;interface d&rsquo;administration et de la vue du site.<\/td><td><span class=\"tablesaw-cell-content\">Apr\u00e8s un an <\/span><\/td><\/tr><tr class=\"pp-table-row even\"><td><span class=\"tablesaw-cell-content\">WordPress<\/span><\/td><td><span class=\"tablesaw-cell-content\">wp-settings-1<\/span><\/td><td>WordPress d\u00e9finit certains cookies wp-settings-[UID]. Le nombre \u00e0 la fin est le num\u00e9ro d&rsquo;identification de l&rsquo;utilisateur, qui est r\u00e9pertori\u00e9 dans la table de la base de donn\u00e9es des utilisateurs. Le cookie est utilis\u00e9 pour ajuster l&rsquo;affichage de l&rsquo;interface d&rsquo;administration et de la vue du site.<\/td><td><span class=\"tablesaw-cell-content\">Apr\u00e8s un an <\/span><\/td><\/tr><tr class=\"pp-table-row odd\"><td><span class=\"tablesaw-cell-content\">WordPress<\/span><\/td><td><span class=\"tablesaw-cell-content\">wordpress_sec_<\/span><\/td><td>Ce cookie est utilis\u00e9 pour stocker vos informations d&rsquo;authentification. Son utilisation est limit\u00e9e \u00e0 la zone de la console d&rsquo;administration, \/wp-admin\/.<\/td><td><p>Apr\u00e8s une session de navigation termin\u00e9e<\/p><\/td><\/tr><tr class=\"pp-table-row even\"><td><span class=\"tablesaw-cell-content\">WordPress<\/span><\/td><td><span class=\"tablesaw-cell-content\">wordpress_logged_in_<\/span><\/td><td>Indique quand vous \u00eates connect\u00e9 et qui vous \u00eates, pour la plupart des utilisations de l&rsquo;interface.<\/td><td>Apr\u00e8s une session de navigation termin\u00e9e<\/td><\/tr><tr class=\"pp-table-row odd\"><td><span class=\"tablesaw-cell-content\">Google Anayltics<\/span><\/td><td><span class=\"tablesaw-cell-content\">tk_ai<\/span><\/td><td>Stocke un identifiant anonyme g\u00e9n\u00e9r\u00e9 de mani\u00e8re al\u00e9atoire. Cela est utilis\u00e9 uniquement dans la zone d&rsquo;administration et sert au suivi g\u00e9n\u00e9ral des analyses.<\/td><td>Apr\u00e8s une session de navigation termin\u00e9e<\/td><\/tr><tr class=\"pp-table-row even\"><td><span class=\"tablesaw-cell-content\">Mailchimp<\/span><\/td><td><span class=\"tablesaw-cell-content\">mailchimp_landing_site<\/span><\/td><td><a href=\"http:\/\/spletnastran.si\/\">Ce cookie est utilis\u00e9 pour mesurer quelle page a \u00e9t\u00e9 visit\u00e9e en premier sur spletnastran.si.<\/a><\/td><td><span class=\"tablesaw-cell-content\">1 mois<\/span><\/td><\/tr><\/tbody><\/table><\/div><\/div><\/div><\/div><\/div><\/div><div class=\"fl-col-group fl-node-5d0907963737f\" data-node=\"5d0907963737f\"><div class=\"fl-col fl-node-5d09079637507\" data-node=\"5d09079637507\"><div class=\"fl-col-content fl-node-content\"><div class=\"fl-module fl-module-rich-text fl-node-5d09079637284\" data-node=\"5d09079637284\"><div class=\"fl-module-content fl-node-content\"><div class=\"fl-rich-text\"><p><strong>Op\u00e9rateur de cookies:<\/strong> Sportmix.si<\/p><p><b>Instructions pour modifier et supprimer les cookies dans un navigateur:<\/b><\/p><p><a href=\"https:\/\/support.google.com\/chrome\/answer\/95647?hl=sl\"><u>Google Chrome<\/u><\/a><\/p><p><a href=\"https:\/\/support.microsoft.com\/en-us\/help\/17442\/windows-internet-explorer-delete-manage-cookies#ie=ie-10\">Internet Explorer<\/a><\/p><p><a href=\"ttps:\/\/www.wikihow.com\/Delete-Cookies-Using-the-Safari-Web-Browser\">Safari<\/a><\/p><p><a href=\"https:\/\/support.mozilla.org\/en-US\/kb\/clear-cookies-and-site-data-firefox\">Firefox<\/a><\/p><p><a href=\"https:\/\/help.opera.com\/en\/latest\/\">Opera<\/a><\/p><\/div><\/div><\/div><\/div><\/div><\/div>\t\t\t\t\t\t<\/div>\n\t\t\t\t<\/div>\n\t\t\t\t\t<\/div>\n\t\t<\/div>\n\t\t\t\t\t<\/div>\n\t\t<\/section>\n\t\t\t\t<\/div>\n\t\t","protected":false},"excerpt":{"rendered":"<p>Politique en mati\u00e8re de cookies Nous nous soucions de la s\u00e9curit\u00e9 de votre navigation. Politique relative aux cookies Les cookies sont de petits fichiers texte enregistr\u00e9s par la plupart des sites sur les appareils des utilisateurs et sont destin\u00e9s \u00e0 sauvegarder les param\u00e8tres Internet. L&rsquo;objectif des cookies est de reconna\u00eetre certains appareils que les utilisateurs [&hellip;]<\/p>\n","protected":false},"author":1,"featured_media":0,"parent":0,"menu_order":0,"comment_status":"closed","ping_status":"closed","template":"elementor_header_footer","meta":{"_acf_changed":false,"footnotes":""},"acf":[],"yoast_head":"<!-- This site is optimized with the Yoast SEO plugin v22.5 - https:\/\/yoast.com\/wordpress\/plugins\/seo\/ -->\n<title>Cookie policy - SportMix<\/title>\n<meta name=\"robots\" content=\"index, follow, max-snippet:-1, max-image-preview:large, max-video-preview:-1\" \/>\n<link rel=\"canonical\" href=\"https:\/\/sportmix.si\/fr\/cookie-policy\/\" \/>\n<meta property=\"og:locale\" content=\"fr_FR\" \/>\n<meta property=\"og:type\" content=\"article\" \/>\n<meta property=\"og:title\" content=\"Cookie policy - SportMix\" \/>\n<meta property=\"og:description\" content=\"Politique en mati\u00e8re de cookies Nous nous soucions de la s\u00e9curit\u00e9 de votre navigation. Politique relative aux cookies Les cookies sont de petits fichiers texte enregistr\u00e9s par la plupart des sites sur les appareils des utilisateurs et sont destin\u00e9s \u00e0 sauvegarder les param\u00e8tres Internet. L&rsquo;objectif des cookies est de reconna\u00eetre certains appareils que les utilisateurs [&hellip;]\" \/>\n<meta property=\"og:url\" content=\"https:\/\/sportmix.si\/fr\/cookie-policy\/\" \/>\n<meta property=\"og:site_name\" content=\"SportMix\" \/>\n<meta property=\"article:modified_time\" content=\"2024-04-03T08:41:45+00:00\" \/>\n<meta property=\"og:image\" content=\"https:\/\/sportmix.si\/wp-content\/uploads\/2022\/02\/SportMixLogo.png\" \/>\n\t<meta property=\"og:image:width\" content=\"1518\" \/>\n\t<meta property=\"og:image:height\" content=\"204\" \/>\n\t<meta property=\"og:image:type\" content=\"image\/png\" \/>\n<meta name=\"twitter:card\" content=\"summary_large_image\" \/>\n<meta name=\"twitter:label1\" content=\"Dur\u00e9e de lecture estim\u00e9e\" \/>\n\t<meta name=\"twitter:data1\" content=\"6 minutes\" \/>\n<script type=\"application\/ld+json\" class=\"yoast-schema-graph\">{\"@context\":\"https:\/\/schema.org\",\"@graph\":[{\"@type\":\"WebPage\",\"@id\":\"https:\/\/sportmix.si\/fr\/cookie-policy\/\",\"url\":\"https:\/\/sportmix.si\/fr\/cookie-policy\/\",\"name\":\"Cookie policy - SportMix\",\"isPartOf\":{\"@id\":\"https:\/\/sportmix.si\/fr\/#website\"},\"datePublished\":\"2022-02-09T10:15:11+00:00\",\"dateModified\":\"2024-04-03T08:41:45+00:00\",\"inLanguage\":\"fr-FR\",\"potentialAction\":[{\"@type\":\"ReadAction\",\"target\":[\"https:\/\/sportmix.si\/fr\/cookie-policy\/\"]}]},{\"@type\":\"WebSite\",\"@id\":\"https:\/\/sportmix.si\/fr\/#website\",\"url\":\"https:\/\/sportmix.si\/fr\/\",\"name\":\"SportMix\",\"description\":\"Adrenalinski \u0161porti na So\u010di\",\"potentialAction\":[{\"@type\":\"SearchAction\",\"target\":{\"@type\":\"EntryPoint\",\"urlTemplate\":\"https:\/\/sportmix.si\/fr\/?s={search_term_string}\"},\"query-input\":\"required name=search_term_string\"}],\"inLanguage\":\"fr-FR\"}]}<\/script>\n<!-- \/ Yoast SEO plugin. -->","yoast_head_json":{"title":"Cookie policy - SportMix","robots":{"index":"index","follow":"follow","max-snippet":"max-snippet:-1","max-image-preview":"max-image-preview:large","max-video-preview":"max-video-preview:-1"},"canonical":"https:\/\/sportmix.si\/fr\/cookie-policy\/","og_locale":"fr_FR","og_type":"article","og_title":"Cookie policy - SportMix","og_description":"Politique en mati\u00e8re de cookies Nous nous soucions de la s\u00e9curit\u00e9 de votre navigation. Politique relative aux cookies Les cookies sont de petits fichiers texte enregistr\u00e9s par la plupart des sites sur les appareils des utilisateurs et sont destin\u00e9s \u00e0 sauvegarder les param\u00e8tres Internet. L&rsquo;objectif des cookies est de reconna\u00eetre certains appareils que les utilisateurs [&hellip;]","og_url":"https:\/\/sportmix.si\/fr\/cookie-policy\/","og_site_name":"SportMix","article_modified_time":"2024-04-03T08:41:45+00:00","og_image":[{"width":1518,"height":204,"url":"https:\/\/sportmix.si\/wp-content\/uploads\/2022\/02\/SportMixLogo.png","type":"image\/png"}],"twitter_card":"summary_large_image","twitter_misc":{"Dur\u00e9e de lecture estim\u00e9e":"6 minutes"},"schema":{"@context":"https:\/\/schema.org","@graph":[{"@type":"WebPage","@id":"https:\/\/sportmix.si\/fr\/cookie-policy\/","url":"https:\/\/sportmix.si\/fr\/cookie-policy\/","name":"Cookie policy - SportMix","isPartOf":{"@id":"https:\/\/sportmix.si\/fr\/#website"},"datePublished":"2022-02-09T10:15:11+00:00","dateModified":"2024-04-03T08:41:45+00:00","inLanguage":"fr-FR","potentialAction":[{"@type":"ReadAction","target":["https:\/\/sportmix.si\/fr\/cookie-policy\/"]}]},{"@type":"WebSite","@id":"https:\/\/sportmix.si\/fr\/#website","url":"https:\/\/sportmix.si\/fr\/","name":"SportMix","description":"Adrenalinski \u0161porti na So\u010di","potentialAction":[{"@type":"SearchAction","target":{"@type":"EntryPoint","urlTemplate":"https:\/\/sportmix.si\/fr\/?s={search_term_string}"},"query-input":"required name=search_term_string"}],"inLanguage":"fr-FR"}]}},"_links":{"self":[{"href":"https:\/\/sportmix.si\/fr\/wp-json\/wp\/v2\/pages\/18220"}],"collection":[{"href":"https:\/\/sportmix.si\/fr\/wp-json\/wp\/v2\/pages"}],"about":[{"href":"https:\/\/sportmix.si\/fr\/wp-json\/wp\/v2\/types\/page"}],"author":[{"embeddable":true,"href":"https:\/\/sportmix.si\/fr\/wp-json\/wp\/v2\/users\/1"}],"replies":[{"embeddable":true,"href":"https:\/\/sportmix.si\/fr\/wp-json\/wp\/v2\/comments?post=18220"}],"version-history":[{"count":11,"href":"https:\/\/sportmix.si\/fr\/wp-json\/wp\/v2\/pages\/18220\/revisions"}],"predecessor-version":[{"id":19714,"href":"https:\/\/sportmix.si\/fr\/wp-json\/wp\/v2\/pages\/18220\/revisions\/19714"}],"wp:attachment":[{"href":"https:\/\/sportmix.si\/fr\/wp-json\/wp\/v2\/media?parent=18220"}],"curies":[{"name":"wp","href":"https:\/\/api.w.org\/{rel}","templated":true}]}}