{"id":18221,"date":"2022-02-09T11:11:10","date_gmt":"2022-02-09T10:11:10","guid":{"rendered":"https:\/\/sportmix.dev-acenta.si\/splosne-obveznosti\/"},"modified":"2024-04-03T11:09:04","modified_gmt":"2024-04-03T09:09:04","slug":"general-obligations","status":"publish","type":"page","link":"https:\/\/sportmix.si\/fr\/general-obligations\/","title":{"rendered":"General obligations"},"content":{"rendered":"\t\t<div data-elementor-type=\"wp-page\" data-elementor-id=\"18221\" class=\"elementor elementor-18221 elementor-5474\">\n\t\t\t\t\t\t<section class=\"elementor-section elementor-top-section elementor-element elementor-element-6de05abe elementor-section-height-min-height elementor-section-boxed elementor-section-height-default elementor-section-items-middle\" data-id=\"6de05abe\" data-element_type=\"section\" data-settings=\"{&quot;background_background&quot;:&quot;classic&quot;,&quot;shape_divider_bottom&quot;:&quot;wave-brush&quot;}\">\n\t\t\t\t\t\t\t<div class=\"elementor-background-overlay\"><\/div>\n\t\t\t\t\t\t<div class=\"elementor-shape elementor-shape-bottom\" data-negative=\"false\">\n\t\t\t<svg xmlns=\"http:\/\/www.w3.org\/2000\/svg\" viewBox=\"0 0 283.5 27.8\" preserveAspectRatio=\"none\">\n\t<path class=\"elementor-shape-fill\" d=\"M283.5,9.7c0,0-7.3,4.3-14,4.6c-6.8,0.3-12.6,0-20.9-1.5c-11.3-2-33.1-10.1-44.7-5.7\ts-12.1,4.6-18,7.4c-6.6,3.2-20,9.6-36.6,9.3C131.6,23.5,99.5,7.2,86.3,8c-1.4,0.1-6.6,0.8-10.5,2c-3.8,1.2-9.4,3.8-17,4.7\tc-3.2,0.4-8.3,1.1-14.2,0.9c-1.5-0.1-6.3-0.4-12-1.6c-5.7-1.2-11-3.1-15.8-3.7C6.5,9.2,0,10.8,0,10.8V0h283.5V9.7z M260.8,11.3\tc-0.7-1-2-0.4-4.3-0.4c-2.3,0-6.1-1.2-5.8-1.1c0.3,0.1,3.1,1.5,6,1.9C259.7,12.2,261.4,12.3,260.8,11.3z M242.4,8.6\tc0,0-2.4-0.2-5.6-0.9c-3.2-0.8-10.3-2.8-15.1-3.5c-8.2-1.1-15.8,0-15.1,0.1c0.8,0.1,9.6-0.6,17.6,1.1c3.3,0.7,9.3,2.2,12.4,2.7\tC239.9,8.7,242.4,8.6,242.4,8.6z M185.2,8.5c1.7-0.7-13.3,4.7-18.5,6.1c-2.1,0.6-6.2,1.6-10,2c-3.9,0.4-8.9,0.4-8.8,0.5\tc0,0.2,5.8,0.8,11.2,0c5.4-0.8,5.2-1.1,7.6-1.6C170.5,14.7,183.5,9.2,185.2,8.5z M199.1,6.9c0.2,0-0.8-0.4-4.8,1.1\tc-4,1.5-6.7,3.5-6.9,3.7c-0.2,0.1,3.5-1.8,6.6-3C197,7.5,199,6.9,199.1,6.9z M283,6c-0.1,0.1-1.9,1.1-4.8,2.5s-6.9,2.8-6.7,2.7\tc0.2,0,3.5-0.6,7.4-2.5C282.8,6.8,283.1,5.9,283,6z M31.3,11.6c0.1-0.2-1.9-0.2-4.5-1.2s-5.4-1.6-7.8-2C15,7.6,7.3,8.5,7.7,8.6\tC8,8.7,15.9,8.3,20.2,9.3c2.2,0.5,2.4,0.5,5.7,1.6S31.2,11.9,31.3,11.6z M73,9.2c0.4-0.1,3.5-1.6,8.4-2.6c4.9-1.1,8.9-0.5,8.9-0.8\tc0-0.3-1-0.9-6.2-0.3S72.6,9.3,73,9.2z M71.6,6.7C71.8,6.8,75,5.4,77.3,5c2.3-0.3,1.9-0.5,1.9-0.6c0-0.1-1.1-0.2-2.7,0.2\tC74.8,5.1,71.4,6.6,71.6,6.7z M93.6,4.4c0.1,0.2,3.5,0.8,5.6,1.8c2.1,1,1.8,0.6,1.9,0.5c0.1-0.1-0.8-0.8-2.4-1.3\tC97.1,4.8,93.5,4.2,93.6,4.4z M65.4,11.1c-0.1,0.3,0.3,0.5,1.9-0.2s2.6-1.3,2.2-1.2s-0.9,0.4-2.5,0.8C65.3,10.9,65.5,10.8,65.4,11.1\tz M34.5,12.4c-0.2,0,2.1,0.8,3.3,0.9c1.2,0.1,2,0.1,2-0.2c0-0.3-0.1-0.5-1.6-0.4C36.6,12.8,34.7,12.4,34.5,12.4z M152.2,21.1\tc-0.1,0.1-2.4-0.3-7.5-0.3c-5,0-13.6-2.4-17.2-3.5c-3.6-1.1,10,3.9,16.5,4.1C150.5,21.6,152.3,21,152.2,21.1z\"\/>\n\t<path class=\"elementor-shape-fill\" d=\"M269.6,18c-0.1-0.1-4.6,0.3-7.2,0c-7.3-0.7-17-3.2-16.6-2.9c0.4,0.3,13.7,3.1,17,3.3\tC267.7,18.8,269.7,18,269.6,18z\"\/>\n\t<path class=\"elementor-shape-fill\" d=\"M227.4,9.8c-0.2-0.1-4.5-1-9.5-1.2c-5-0.2-12.7,0.6-12.3,0.5c0.3-0.1,5.9-1.8,13.3-1.2\tS227.6,9.9,227.4,9.8z\"\/>\n\t<path class=\"elementor-shape-fill\" d=\"M204.5,13.4c-0.1-0.1,2-1,3.2-1.1c1.2-0.1,2,0,2,0.3c0,0.3-0.1,0.5-1.6,0.4\tC206.4,12.9,204.6,13.5,204.5,13.4z\"\/>\n\t<path class=\"elementor-shape-fill\" d=\"M201,10.6c0-0.1-4.4,1.2-6.3,2.2c-1.9,0.9-6.2,3.1-6.1,3.1c0.1,0.1,4.2-1.6,6.3-2.6\tS201,10.7,201,10.6z\"\/>\n\t<path class=\"elementor-shape-fill\" d=\"M154.5,26.7c-0.1-0.1-4.6,0.3-7.2,0c-7.3-0.7-17-3.2-16.6-2.9c0.4,0.3,13.7,3.1,17,3.3\tC152.6,27.5,154.6,26.8,154.5,26.7z\"\/>\n\t<path class=\"elementor-shape-fill\" d=\"M41.9,19.3c0,0,1.2-0.3,2.9-0.1c1.7,0.2,5.8,0.9,8.2,0.7c4.2-0.4,7.4-2.7,7-2.6\tc-0.4,0-4.3,2.2-8.6,1.9c-1.8-0.1-5.1-0.5-6.7-0.4S41.9,19.3,41.9,19.3z\"\/>\n\t<path class=\"elementor-shape-fill\" d=\"M75.5,12.6c0.2,0.1,2-0.8,4.3-1.1c2.3-0.2,2.1-0.3,2.1-0.5c0-0.1-1.8-0.4-3.4,0\tC76.9,11.5,75.3,12.5,75.5,12.6z\"\/>\n\t<path class=\"elementor-shape-fill\" d=\"M15.6,13.2c0-0.1,4.3,0,6.7,0.5c2.4,0.5,5,1.9,5,2c0,0.1-2.7-0.8-5.1-1.4\tC19.9,13.7,15.7,13.3,15.6,13.2z\"\/>\n<\/svg>\t\t<\/div>\n\t\t\t\t\t<div class=\"elementor-container elementor-column-gap-default\">\n\t\t\t\t\t<div class=\"elementor-column elementor-col-100 elementor-top-column elementor-element elementor-element-522390e\" data-id=\"522390e\" data-element_type=\"column\">\n\t\t\t<div class=\"elementor-widget-wrap elementor-element-populated\">\n\t\t\t\t\t\t<div class=\"elementor-element elementor-element-587c8235 elementor-widget elementor-widget-heading\" data-id=\"587c8235\" data-element_type=\"widget\" data-widget_type=\"heading.default\">\n\t\t\t\t<div class=\"elementor-widget-container\">\n\t\t\t<style>\/*! elementor - v3.21.0 - 15-04-2024 *\/\n.elementor-heading-title{padding:0;margin:0;line-height:1}.elementor-widget-heading .elementor-heading-title[class*=elementor-size-]>a{color:inherit;font-size:inherit;line-height:inherit}.elementor-widget-heading .elementor-heading-title.elementor-size-small{font-size:15px}.elementor-widget-heading .elementor-heading-title.elementor-size-medium{font-size:19px}.elementor-widget-heading .elementor-heading-title.elementor-size-large{font-size:29px}.elementor-widget-heading .elementor-heading-title.elementor-size-xl{font-size:39px}.elementor-widget-heading .elementor-heading-title.elementor-size-xxl{font-size:59px}<\/style><h1 class=\"elementor-heading-title elementor-size-default\">Obligations g\u00e9n\u00e9rales<\/h1>\t\t<\/div>\n\t\t\t\t<\/div>\n\t\t\t\t\t<\/div>\n\t\t<\/div>\n\t\t\t\t\t<\/div>\n\t\t<\/section>\n\t\t\t\t<section class=\"elementor-section elementor-top-section elementor-element elementor-element-5567694 elementor-section-boxed elementor-section-height-default elementor-section-height-default\" data-id=\"5567694\" data-element_type=\"section\">\n\t\t\t\t\t\t<div class=\"elementor-container elementor-column-gap-default\">\n\t\t\t\t\t<div class=\"elementor-column elementor-col-100 elementor-top-column elementor-element elementor-element-d0a3504\" data-id=\"d0a3504\" data-element_type=\"column\">\n\t\t\t<div class=\"elementor-widget-wrap elementor-element-populated\">\n\t\t\t\t\t\t<div class=\"elementor-element elementor-element-398b3b6 elementor-widget__width-initial elementor-widget elementor-widget-text-editor\" data-id=\"398b3b6\" data-element_type=\"widget\" data-widget_type=\"text-editor.default\">\n\t\t\t\t<div class=\"elementor-widget-container\">\n\t\t\t<style>\/*! elementor - v3.21.0 - 15-04-2024 *\/\n.elementor-widget-text-editor.elementor-drop-cap-view-stacked .elementor-drop-cap{background-color:#69727d;color:#fff}.elementor-widget-text-editor.elementor-drop-cap-view-framed .elementor-drop-cap{color:#69727d;border:3px solid;background-color:transparent}.elementor-widget-text-editor:not(.elementor-drop-cap-view-default) .elementor-drop-cap{margin-top:8px}.elementor-widget-text-editor:not(.elementor-drop-cap-view-default) .elementor-drop-cap-letter{width:1em;height:1em}.elementor-widget-text-editor .elementor-drop-cap{float:left;text-align:center;line-height:1;font-size:50px}.elementor-widget-text-editor .elementor-drop-cap-letter{display:inline-block}<\/style>\t\t\t\t<p><b><\/b><strong>Obligations g\u00e9n\u00e9rales de la soci\u00e9t\u00e9 SPORT MIKS d.o.o. &#8211; agence de sport SPORT MIX<\/strong><\/p><p>\u00a0<\/p><ul><li data-leveltext=\"\uf0b7\" data-font=\"Symbol\" data-listid=\"1\" data-list-defn-props=\"{&quot;335552541&quot;:1,&quot;335559684&quot;:-2,&quot;335559685&quot;:720,&quot;335559991&quot;:360,&quot;469769226&quot;:&quot;Symbol&quot;,&quot;469769242&quot;:[8226],&quot;469777803&quot;:&quot;left&quot;,&quot;469777804&quot;:&quot;\uf0b7&quot;,&quot;469777815&quot;:&quot;hybridMultilevel&quot;}\" aria-setsize=\"-1\" data-aria-posinset=\"1\" data-aria-level=\"1\">La soci\u00e9t\u00e9 Sport Miks &#8211; agence de sport SPORT MIX (ci-apr\u00e8s d\u00e9nomm\u00e9e S.M.), situ\u00e9e Trg golobarskih \u017ertev 18, \u00e0 Bovec, en Slov\u00e9nie, poss\u00e8de une longue tradition et une exp\u00e9rience dans l&rsquo;organisation et la r\u00e9alisation de diff\u00e9rentes activit\u00e9s sportives telles que : le rafting, le canyoning, l&rsquo;\u00e9cole de kayak, les sorties guid\u00e9es en kayak, l&rsquo;hydrospeed, la sp\u00e9l\u00e9ologie, l&rsquo;escalade sportive, le VTT.<p>\u00a0<\/p><\/li><li data-leveltext=\"\uf0b7\" data-font=\"Symbol\" data-listid=\"1\" data-list-defn-props=\"{&quot;335552541&quot;:1,&quot;335559684&quot;:-2,&quot;335559685&quot;:720,&quot;335559991&quot;:360,&quot;469769226&quot;:&quot;Symbol&quot;,&quot;469769242&quot;:[8226],&quot;469777803&quot;:&quot;left&quot;,&quot;469777804&quot;:&quot;\uf0b7&quot;,&quot;469777815&quot;:&quot;hybridMultilevel&quot;}\" aria-setsize=\"-1\" data-aria-posinset=\"1\" data-aria-level=\"1\"><p>En collaboration avec des partenaires ext\u00e9rieurs, la soci\u00e9t\u00e9 Sport Mix &#8211; agence de sport organise \u00e9galement des activit\u00e9s telles que la tyrolienne, le saut en parachute, le footgolf, le paddle debout. S.M. n&rsquo;assume aucune responsabilit\u00e9 pour les blessures, les annulations ou d&rsquo;autres obligations survenues en dehors de l&rsquo;organisation de S.M.<\/p><p>\u00a0<\/p><\/li><li data-leveltext=\"\uf0b7\" data-font=\"Symbol\" data-listid=\"1\" data-list-defn-props=\"{&quot;335552541&quot;:1,&quot;335559684&quot;:-2,&quot;335559685&quot;:720,&quot;335559991&quot;:360,&quot;469769226&quot;:&quot;Symbol&quot;,&quot;469769242&quot;:[8226],&quot;469777803&quot;:&quot;left&quot;,&quot;469777804&quot;:&quot;\uf0b7&quot;,&quot;469777815&quot;:&quot;hybridMultilevel&quot;}\" aria-setsize=\"-1\" data-aria-posinset=\"1\" data-aria-level=\"1\"><p>L&rsquo;activit\u00e9 sportive se d\u00e9roule du point de d\u00e9part de la visite, lorsque le participant rencontre le guide, jusqu&rsquo;\u00e0 ce qu&rsquo;il arrive au point de fin de la visite. S.M. n&rsquo;assume aucune responsabilit\u00e9 pour les blessures survenues en dehors du parcours de la visite.<\/p><p>\u00a0<\/p><\/li><li data-leveltext=\"\uf0b7\" data-font=\"Symbol\" data-listid=\"1\" data-list-defn-props=\"{&quot;335552541&quot;:1,&quot;335559684&quot;:-2,&quot;335559685&quot;:720,&quot;335559991&quot;:360,&quot;469769226&quot;:&quot;Symbol&quot;,&quot;469769242&quot;:[8226],&quot;469777803&quot;:&quot;left&quot;,&quot;469777804&quot;:&quot;\uf0b7&quot;,&quot;469777815&quot;:&quot;hybridMultilevel&quot;}\" aria-setsize=\"-1\" data-aria-posinset=\"1\" data-aria-level=\"1\"><p>Les visites de S.M. sont effectu\u00e9es si le nombre minimum de participants est atteint.<\/p><p>\u00a0<\/p><\/li><li data-leveltext=\"\uf0b7\" data-font=\"Symbol\" data-listid=\"1\" data-list-defn-props=\"{&quot;335552541&quot;:1,&quot;335559684&quot;:-2,&quot;335559685&quot;:720,&quot;335559991&quot;:360,&quot;469769226&quot;:&quot;Symbol&quot;,&quot;469769242&quot;:[8226],&quot;469777803&quot;:&quot;left&quot;,&quot;469777804&quot;:&quot;\uf0b7&quot;,&quot;469777815&quot;:&quot;hybridMultilevel&quot;}\" aria-setsize=\"-1\" data-aria-posinset=\"1\" data-aria-level=\"1\"><p>Les restrictions et l&rsquo;\u00e2ge minimum pour participer aux activit\u00e9s sont d\u00e9crits dans les descriptions des activit\u00e9s.<\/p><p>\u00a0<\/p><\/li><li data-leveltext=\"\uf0b7\" data-font=\"Symbol\" data-listid=\"1\" data-list-defn-props=\"{&quot;335552541&quot;:1,&quot;335559684&quot;:-2,&quot;335559685&quot;:720,&quot;335559991&quot;:360,&quot;469769226&quot;:&quot;Symbol&quot;,&quot;469769242&quot;:[8226],&quot;469777803&quot;:&quot;left&quot;,&quot;469777804&quot;:&quot;\uf0b7&quot;,&quot;469777815&quot;:&quot;hybridMultilevel&quot;}\" aria-setsize=\"-1\" data-aria-posinset=\"1\" data-aria-level=\"1\"><p>S.M. se r\u00e9serve le droit d&rsquo;annuler ou de reporter l&rsquo;activit\u00e9 en cas de mauvais temps ou d&rsquo;autres circonstances si elle estime qu&rsquo;il existe une possibilit\u00e9 que les participants soient expos\u00e9s \u00e0 un danger.<\/p><p>\u00a0<\/p><\/li><li data-leveltext=\"\uf0b7\" data-font=\"Symbol\" data-listid=\"1\" data-list-defn-props=\"{&quot;335552541&quot;:1,&quot;335559684&quot;:-2,&quot;335559685&quot;:720,&quot;335559991&quot;:360,&quot;469769226&quot;:&quot;Symbol&quot;,&quot;469769242&quot;:[8226],&quot;469777803&quot;:&quot;left&quot;,&quot;469777804&quot;:&quot;\uf0b7&quot;,&quot;469777815&quot;:&quot;hybridMultilevel&quot;}\" aria-setsize=\"-1\" data-aria-posinset=\"1\" data-aria-level=\"1\"><p>Si S.M. annule la visite, vous avez droit \u00e0 un remboursement complet de votre r\u00e9servation.<\/p><p>\u00a0<\/p><\/li><li data-leveltext=\"\uf0b7\" data-font=\"Symbol\" data-listid=\"1\" data-list-defn-props=\"{&quot;335552541&quot;:1,&quot;335559684&quot;:-2,&quot;335559685&quot;:720,&quot;335559991&quot;:360,&quot;469769226&quot;:&quot;Symbol&quot;,&quot;469769242&quot;:[8226],&quot;469777803&quot;:&quot;left&quot;,&quot;469777804&quot;:&quot;\uf0b7&quot;,&quot;469777815&quot;:&quot;hybridMultilevel&quot;}\" aria-setsize=\"-1\" data-aria-posinset=\"1\" data-aria-level=\"1\"><p>Apr\u00e8s que le participant ai re\u00e7u l&rsquo;\u00e9quipement sportif obligatoire, il n&rsquo;a pas droit \u00e0 un remboursement en cas d&rsquo;annulation ult\u00e9rieure de la r\u00e9servation par le participant ou s&rsquo;il ne souhaite pas participer. Si la visite a \u00e9t\u00e9 \u00e9court\u00e9e car le participant n&rsquo;\u00e9tait pas en bonne condition physique, pr\u00e9-requis pour toutes les activit\u00e9s, aucun remboursement n&rsquo;est effectu\u00e9. S.M. n&rsquo;assume aucune responsabilit\u00e9 pour les blessures caus\u00e9es en contradiction avec la d\u00e9claration sign\u00e9e ou pour le non-respect des instructions du guide.<\/p><p>\u00a0<\/p><\/li><li data-leveltext=\"\uf0b7\" data-font=\"Symbol\" data-listid=\"1\" data-list-defn-props=\"{&quot;335552541&quot;:1,&quot;335559684&quot;:-2,&quot;335559685&quot;:720,&quot;335559991&quot;:360,&quot;469769226&quot;:&quot;Symbol&quot;,&quot;469769242&quot;:[8226],&quot;469777803&quot;:&quot;left&quot;,&quot;469777804&quot;:&quot;\uf0b7&quot;,&quot;469777815&quot;:&quot;hybridMultilevel&quot;}\" aria-setsize=\"-1\" data-aria-posinset=\"1\" data-aria-level=\"1\"><p>S.M. d\u00e9conseille la participation aux activit\u00e9s nautiques aux femmes enceintes, aux personnes souffrant de probl\u00e8mes de sant\u00e9 graves ou de blessures.<\/p><p>\u00a0<\/p><\/li><li data-leveltext=\"\uf0b7\" data-font=\"Symbol\" data-listid=\"1\" data-list-defn-props=\"{&quot;335552541&quot;:1,&quot;335559684&quot;:-2,&quot;335559685&quot;:720,&quot;335559991&quot;:360,&quot;469769226&quot;:&quot;Symbol&quot;,&quot;469769242&quot;:[8226],&quot;469777803&quot;:&quot;left&quot;,&quot;469777804&quot;:&quot;\uf0b7&quot;,&quot;469777815&quot;:&quot;hybridMultilevel&quot;}\" aria-setsize=\"-1\" data-aria-posinset=\"1\" data-aria-level=\"1\"><p>Les personnes asthmatiques ou souffrant d&rsquo;autres probl\u00e8mes de sant\u00e9 doivent informer les instructeurs ou l&#8217;employ\u00e9 autoris\u00e9 de S.M. avant la visite et sont invit\u00e9es \u00e0 emporter leurs m\u00e9dicaments avec eux, en les remettant au guide qui veillera \u00e0 ce qu&rsquo;ils soient toujours disponibles en cas de besoin.<\/p><p>\u00a0<\/p><\/li><li data-leveltext=\"\uf0b7\" data-font=\"Symbol\" data-listid=\"1\" data-list-defn-props=\"{&quot;335552541&quot;:1,&quot;335559684&quot;:-2,&quot;335559685&quot;:720,&quot;335559991&quot;:360,&quot;469769226&quot;:&quot;Symbol&quot;,&quot;469769242&quot;:[8226],&quot;469777803&quot;:&quot;left&quot;,&quot;469777804&quot;:&quot;\uf0b7&quot;,&quot;469777815&quot;:&quot;hybridMultilevel&quot;}\" aria-setsize=\"-1\" data-aria-posinset=\"1\" data-aria-level=\"1\"><p>S.M. n&rsquo;assume aucune responsabilit\u00e9 pour les objets personnels perdus, vol\u00e9s ou endommag\u00e9s.<\/p><p>\u00a0<\/p><\/li><li data-leveltext=\"\uf0b7\" data-font=\"Symbol\" data-listid=\"1\" data-list-defn-props=\"{&quot;335552541&quot;:1,&quot;335559684&quot;:-2,&quot;335559685&quot;:720,&quot;335559991&quot;:360,&quot;469769226&quot;:&quot;Symbol&quot;,&quot;469769242&quot;:[8226],&quot;469777803&quot;:&quot;left&quot;,&quot;469777804&quot;:&quot;\uf0b7&quot;,&quot;469777815&quot;:&quot;hybridMultilevel&quot;}\" aria-setsize=\"-1\" data-aria-posinset=\"1\" data-aria-level=\"1\"><p>Les blessures survenues pendant la visite doivent \u00eatre signal\u00e9es imm\u00e9diatement \u00e0 l&rsquo;instructeur ou \u00e0 l&#8217;employ\u00e9 autoris\u00e9 de S.M.. Le participant remplit le formulaire de rapport d&rsquo;accident. S.M. ne consid\u00e9rera pas les blessures signal\u00e9es ult\u00e9rieurement, pour la raison de la difficult\u00e9 \u00e0 d\u00e9finir le lieu et l&rsquo;heure exacte de l&rsquo;accident.<\/p><p>\u00a0<\/p><\/li><li data-leveltext=\"\uf0b7\" data-font=\"Symbol\" data-listid=\"1\" data-list-defn-props=\"{&quot;335552541&quot;:1,&quot;335559684&quot;:-2,&quot;335559685&quot;:720,&quot;335559991&quot;:360,&quot;469769226&quot;:&quot;Symbol&quot;,&quot;469769242&quot;:[8226],&quot;469777803&quot;:&quot;left&quot;,&quot;469777804&quot;:&quot;\uf0b7&quot;,&quot;469777815&quot;:&quot;hybridMultilevel&quot;}\" aria-setsize=\"-1\" data-aria-posinset=\"1\" data-aria-level=\"1\"><p>S.M. se r\u00e9serve le droit de facturer tout dommage, vol ou perte d&rsquo;\u00e9quipement lou\u00e9.<\/p><p>\u00a0<\/p><\/li><li data-leveltext=\"\uf0b7\" data-font=\"Symbol\" data-listid=\"1\" data-list-defn-props=\"{&quot;335552541&quot;:1,&quot;335559684&quot;:-2,&quot;335559685&quot;:720,&quot;335559991&quot;:360,&quot;469769226&quot;:&quot;Symbol&quot;,&quot;469769242&quot;:[8226],&quot;469777803&quot;:&quot;left&quot;,&quot;469777804&quot;:&quot;\uf0b7&quot;,&quot;469777815&quot;:&quot;hybridMultilevel&quot;}\" aria-setsize=\"-1\" data-aria-posinset=\"1\" data-aria-level=\"1\"><p>S.M. prend des photographies num\u00e9riques de tous les participants pendant la visite et se r\u00e9serve donc le droit d&rsquo;utiliser les photos \u00e0 des fins internes, marketing et promotionnelles (internet, brochures). Les photographies r\u00e9alis\u00e9es par S.M. sont la propri\u00e9t\u00e9 de S.M..<\/p><p>\u00a0<\/p><\/li><li data-leveltext=\"\uf0b7\" data-font=\"Symbol\" data-listid=\"1\" data-list-defn-props=\"{&quot;335552541&quot;:1,&quot;335559684&quot;:-2,&quot;335559685&quot;:720,&quot;335559991&quot;:360,&quot;469769226&quot;:&quot;Symbol&quot;,&quot;469769242&quot;:[8226],&quot;469777803&quot;:&quot;left&quot;,&quot;469777804&quot;:&quot;\uf0b7&quot;,&quot;469777815&quot;:&quot;hybridMultilevel&quot;}\" aria-setsize=\"-1\" data-aria-posinset=\"1\" data-aria-level=\"1\"><p>Les photographies prises par S.M. sont disponibles sans frais suppl\u00e9mentaires. La politique des partenaires ext\u00e9rieurs peut impliquer des frais suppl\u00e9mentaires pour les photos.<\/p><\/li><\/ul>\t\t\t\t\t\t<\/div>\n\t\t\t\t<\/div>\n\t\t\t\t\t<\/div>\n\t\t<\/div>\n\t\t\t\t\t<\/div>\n\t\t<\/section>\n\t\t\t\t<\/div>\n\t\t","protected":false},"excerpt":{"rendered":"<p>Obligations g\u00e9n\u00e9rales Obligations g\u00e9n\u00e9rales de la soci\u00e9t\u00e9 SPORT MIKS d.o.o. &#8211; agence de sport SPORT MIX \u00a0 La soci\u00e9t\u00e9 Sport Miks &#8211; agence de sport SPORT MIX (ci-apr\u00e8s d\u00e9nomm\u00e9e S.M.), situ\u00e9e Trg golobarskih \u017ertev 18, \u00e0 Bovec, en Slov\u00e9nie, poss\u00e8de une longue tradition et une exp\u00e9rience dans l&rsquo;organisation et la r\u00e9alisation de diff\u00e9rentes activit\u00e9s sportives [&hellip;]<\/p>\n","protected":false},"author":1,"featured_media":0,"parent":0,"menu_order":0,"comment_status":"closed","ping_status":"closed","template":"elementor_header_footer","meta":{"_acf_changed":false,"footnotes":""},"acf":[],"yoast_head":"<!-- This site is optimized with the Yoast SEO plugin v22.5 - https:\/\/yoast.com\/wordpress\/plugins\/seo\/ -->\n<title>General obligations - SportMix<\/title>\n<meta name=\"description\" content=\"Preberite si splo\u0161na dolo\u010dila, ki vam bodo pomagala razumeti na\u0161e aktivnosti. Ostanite varni in se nam pridru\u017eite pri aktivnostih na prostem!\" \/>\n<meta name=\"robots\" content=\"index, follow, max-snippet:-1, max-image-preview:large, max-video-preview:-1\" \/>\n<link rel=\"canonical\" href=\"https:\/\/sportmix.si\/fr\/general-obligations\/\" \/>\n<meta property=\"og:locale\" content=\"fr_FR\" \/>\n<meta property=\"og:type\" content=\"article\" \/>\n<meta property=\"og:title\" content=\"General obligations - SportMix\" \/>\n<meta property=\"og:description\" content=\"Preberite si splo\u0161na dolo\u010dila, ki vam bodo pomagala razumeti na\u0161e aktivnosti. Ostanite varni in se nam pridru\u017eite pri aktivnostih na prostem!\" \/>\n<meta property=\"og:url\" content=\"https:\/\/sportmix.si\/fr\/general-obligations\/\" \/>\n<meta property=\"og:site_name\" content=\"SportMix\" \/>\n<meta property=\"article:modified_time\" content=\"2024-04-03T09:09:04+00:00\" \/>\n<meta property=\"og:image\" content=\"https:\/\/sportmix.si\/wp-content\/uploads\/2022\/02\/SportMixLogo.png\" \/>\n\t<meta property=\"og:image:width\" content=\"1518\" \/>\n\t<meta property=\"og:image:height\" content=\"204\" \/>\n\t<meta property=\"og:image:type\" content=\"image\/png\" \/>\n<meta name=\"twitter:card\" content=\"summary_large_image\" \/>\n<meta name=\"twitter:label1\" content=\"Dur\u00e9e de lecture estim\u00e9e\" \/>\n\t<meta name=\"twitter:data1\" content=\"3 minutes\" \/>\n<script type=\"application\/ld+json\" class=\"yoast-schema-graph\">{\"@context\":\"https:\/\/schema.org\",\"@graph\":[{\"@type\":\"WebPage\",\"@id\":\"https:\/\/sportmix.si\/fr\/general-obligations\/\",\"url\":\"https:\/\/sportmix.si\/fr\/general-obligations\/\",\"name\":\"General obligations - SportMix\",\"isPartOf\":{\"@id\":\"https:\/\/sportmix.si\/fr\/#website\"},\"datePublished\":\"2022-02-09T10:11:10+00:00\",\"dateModified\":\"2024-04-03T09:09:04+00:00\",\"description\":\"Preberite si splo\u0161na dolo\u010dila, ki vam bodo pomagala razumeti na\u0161e aktivnosti. Ostanite varni in se nam pridru\u017eite pri aktivnostih na prostem!\",\"inLanguage\":\"fr-FR\",\"potentialAction\":[{\"@type\":\"ReadAction\",\"target\":[\"https:\/\/sportmix.si\/fr\/general-obligations\/\"]}]},{\"@type\":\"WebSite\",\"@id\":\"https:\/\/sportmix.si\/fr\/#website\",\"url\":\"https:\/\/sportmix.si\/fr\/\",\"name\":\"SportMix\",\"description\":\"Adrenalinski \u0161porti na So\u010di\",\"potentialAction\":[{\"@type\":\"SearchAction\",\"target\":{\"@type\":\"EntryPoint\",\"urlTemplate\":\"https:\/\/sportmix.si\/fr\/?s={search_term_string}\"},\"query-input\":\"required name=search_term_string\"}],\"inLanguage\":\"fr-FR\"}]}<\/script>\n<!-- \/ Yoast SEO plugin. -->","yoast_head_json":{"title":"General obligations - SportMix","description":"Preberite si splo\u0161na dolo\u010dila, ki vam bodo pomagala razumeti na\u0161e aktivnosti. Ostanite varni in se nam pridru\u017eite pri aktivnostih na prostem!","robots":{"index":"index","follow":"follow","max-snippet":"max-snippet:-1","max-image-preview":"max-image-preview:large","max-video-preview":"max-video-preview:-1"},"canonical":"https:\/\/sportmix.si\/fr\/general-obligations\/","og_locale":"fr_FR","og_type":"article","og_title":"General obligations - SportMix","og_description":"Preberite si splo\u0161na dolo\u010dila, ki vam bodo pomagala razumeti na\u0161e aktivnosti. Ostanite varni in se nam pridru\u017eite pri aktivnostih na prostem!","og_url":"https:\/\/sportmix.si\/fr\/general-obligations\/","og_site_name":"SportMix","article_modified_time":"2024-04-03T09:09:04+00:00","og_image":[{"width":1518,"height":204,"url":"https:\/\/sportmix.si\/wp-content\/uploads\/2022\/02\/SportMixLogo.png","type":"image\/png"}],"twitter_card":"summary_large_image","twitter_misc":{"Dur\u00e9e de lecture estim\u00e9e":"3 minutes"},"schema":{"@context":"https:\/\/schema.org","@graph":[{"@type":"WebPage","@id":"https:\/\/sportmix.si\/fr\/general-obligations\/","url":"https:\/\/sportmix.si\/fr\/general-obligations\/","name":"General obligations - SportMix","isPartOf":{"@id":"https:\/\/sportmix.si\/fr\/#website"},"datePublished":"2022-02-09T10:11:10+00:00","dateModified":"2024-04-03T09:09:04+00:00","description":"Preberite si splo\u0161na dolo\u010dila, ki vam bodo pomagala razumeti na\u0161e aktivnosti. Ostanite varni in se nam pridru\u017eite pri aktivnostih na prostem!","inLanguage":"fr-FR","potentialAction":[{"@type":"ReadAction","target":["https:\/\/sportmix.si\/fr\/general-obligations\/"]}]},{"@type":"WebSite","@id":"https:\/\/sportmix.si\/fr\/#website","url":"https:\/\/sportmix.si\/fr\/","name":"SportMix","description":"Adrenalinski \u0161porti na So\u010di","potentialAction":[{"@type":"SearchAction","target":{"@type":"EntryPoint","urlTemplate":"https:\/\/sportmix.si\/fr\/?s={search_term_string}"},"query-input":"required name=search_term_string"}],"inLanguage":"fr-FR"}]}},"_links":{"self":[{"href":"https:\/\/sportmix.si\/fr\/wp-json\/wp\/v2\/pages\/18221"}],"collection":[{"href":"https:\/\/sportmix.si\/fr\/wp-json\/wp\/v2\/pages"}],"about":[{"href":"https:\/\/sportmix.si\/fr\/wp-json\/wp\/v2\/types\/page"}],"author":[{"embeddable":true,"href":"https:\/\/sportmix.si\/fr\/wp-json\/wp\/v2\/users\/1"}],"replies":[{"embeddable":true,"href":"https:\/\/sportmix.si\/fr\/wp-json\/wp\/v2\/comments?post=18221"}],"version-history":[{"count":7,"href":"https:\/\/sportmix.si\/fr\/wp-json\/wp\/v2\/pages\/18221\/revisions"}],"predecessor-version":[{"id":19733,"href":"https:\/\/sportmix.si\/fr\/wp-json\/wp\/v2\/pages\/18221\/revisions\/19733"}],"wp:attachment":[{"href":"https:\/\/sportmix.si\/fr\/wp-json\/wp\/v2\/media?parent=18221"}],"curies":[{"name":"wp","href":"https:\/\/api.w.org\/{rel}","templated":true}]}}